{"id":4396,"date":"2021-10-14T15:02:24","date_gmt":"2021-10-14T13:02:24","guid":{"rendered":"http:\/\/instant-sport.com\/?page_id=4396"},"modified":"2026-04-29T05:32:36","modified_gmt":"2026-04-29T03:32:36","slug":"espace-vip","status":"publish","type":"page","link":"https:\/\/instant-sport.com\/index.php\/espace-vip\/","title":{"rendered":"Espace VIP"},"content":{"rendered":"<div class=\"pmpro_content_message\"><h2 style=\"text-align: center\">Oups, contenu restreint<\/h2>\r\n<p style=\"text-align: center\">Nous sommes d\u00e9sol\u00e9s, mais les pronos sont limit\u00e9s aux gens qui ont achet\u00e9 un abonnement.<\/p>\r\n<p style=\"text-align: center\">Tu peux acheter un abonnement en te rendant sur notre page boutique \u270c\ufe0f<\/p>\r\n<p style=\"text-align: center\"><a class=\"button alt\" href=\"https:\/\/instant-sport.com\/index.php\/devenir-vip\/\">Devenir VIP<\/a><\/p>\r\n\r\n\r\n<hr \/>\r\n<p style=\"text-align: center\">Et si tu fais d\u00e9j\u00e0 partie de nos membres, pense \u00e0 te connecter \u00e0 ton compte !<\/p>\r\n<p style=\"text-align: center\"><a class=\"button alt\" href=\"https:\/\/instant-sport.com\/index.php\/premium\/my-account\/\">Me connecter<\/a><\/p><\/div>","protected":false},"excerpt":{"rendered":"<div class=\"pmpro_content_message\"><h2 style=\"text-align: center\">Oups, contenu restreint<\/h2>\r\n<p style=\"text-align: center\">Nous sommes d\u00e9sol\u00e9s, mais les pronos sont limit\u00e9s aux gens qui ont achet\u00e9 un abonnement.<\/p>\r\n<p style=\"text-align: center\">Tu peux acheter un abonnement en te rendant sur notre page boutique \u270c\ufe0f<\/p>\r\n<p style=\"text-align: center\"><a class=\"button alt\" href=\"https:\/\/instant-sport.com\/index.php\/devenir-vip\/\">Devenir VIP<\/a><\/p>\r\n\r\n\r\n<hr \/>\r\n<p style=\"text-align: center\">Et si tu fais d\u00e9j\u00e0 partie de nos membres, pense \u00e0 te connecter \u00e0 ton compte !<\/p>\r\n<p style=\"text-align: center\"><a class=\"button alt\" href=\"https:\/\/instant-sport.com\/index.php\/premium\/my-account\/\">Me connecter<\/a><\/p><\/div>","protected":false},"author":1,"featured_media":0,"parent":0,"menu_order":0,"comment_status":"closed","ping_status":"closed","template":"elementor_header_footer","meta":{"pmpro_default_level":0},"_links":{"self":[{"href":"https:\/\/instant-sport.com\/index.php\/wp-json\/wp\/v2\/pages\/4396"}],"collection":[{"href":"https:\/\/instant-sport.com\/index.php\/wp-json\/wp\/v2\/pages"}],"about":[{"href":"https:\/\/instant-sport.com\/index.php\/wp-json\/wp\/v2\/types\/page"}],"author":[{"embeddable":true,"href":"https:\/\/instant-sport.com\/index.php\/wp-json\/wp\/v2\/users\/1"}],"replies":[{"embeddable":true,"href":"https:\/\/instant-sport.com\/index.php\/wp-json\/wp\/v2\/comments?post=4396"}],"version-history":[{"count":7468,"href":"https:\/\/instant-sport.com\/index.php\/wp-json\/wp\/v2\/pages\/4396\/revisions"}],"predecessor-version":[{"id":103394,"href":"https:\/\/instant-sport.com\/index.php\/wp-json\/wp\/v2\/pages\/4396\/revisions\/103394"}],"wp:attachment":[{"href":"https:\/\/instant-sport.com\/index.php\/wp-json\/wp\/v2\/media?parent=4396"}],"curies":[{"name":"wp","href":"https:\/\/api.w.org\/{rel}","templated":true}]}}