{"id":4669,"date":"2021-12-02T00:54:33","date_gmt":"2021-12-01T23:54:33","guid":{"rendered":"https:\/\/instant-sport.com\/?page_id=4669"},"modified":"2022-04-05T12:31:26","modified_gmt":"2022-04-05T10:31:26","slug":"mentions-legales","status":"publish","type":"page","link":"https:\/\/instant-sport.com\/index.php\/mentions-legales\/","title":{"rendered":"Mentions l\u00e9gales"},"content":{"rendered":"\n<p><a href=\"https:\/\/success-bet.fr\/\">Instantsport<\/a>&gt;&nbsp;Mentions l\u00e9gales<\/p>\n\n\n\n<p><strong>\u00c9DITEUR DU SITE<\/strong><\/p>\n\n\n\n<p> Le site est encadr\u00e9e par&nbsp;INSTANT SPORT LLC<\/p>\n\n\n\n<p>651 N Broad St # 201Middletown, DE 19709, \u00c9tats-Unis<\/p>\n\n\n\n<p>EIN : 38-4203320<\/p>\n\n\n\n<p>Le Responsable de la publication est : Instant sport<br>Contactez le responsable de la publication : instantsportpro@gmail.com<\/p>\n\n\n\n<p><strong>H\u00c9BERGEMENT<\/strong><\/p>\n\n\n\n<p>H\u00e9bergeur du site : OVH 2 rue Kellermann 59100 Roubaix France<br>Site internet :&nbsp;<a href=\"https:\/\/www.ovh.com\/fr\/\">https:\/\/www.ovh.com\/fr\/<\/a><\/p>\n","protected":false},"excerpt":{"rendered":"<p>Instantsport&gt;&nbsp;Mentions l\u00e9gales \u00c9DITEUR DU SITE Le site est encadr\u00e9e par&nbsp;INSTANT SPORT LLC 651 N Broad St # 201Middletown, DE 19709, \u00c9tats-Unis EIN : 38-4203320 Le Responsable de la publication est : Instant sportContactez le responsable de la publication : instantsportpro@gmail.com H\u00c9BERGEMENT H\u00e9bergeur du site : OVH 2 rue Kellermann 59100 Roubaix FranceSite internet :&nbsp;https:\/\/www.ovh.com\/fr\/<\/p>\n","protected":false},"author":1,"featured_media":0,"parent":0,"menu_order":0,"comment_status":"closed","ping_status":"closed","template":"","meta":{"pmpro_default_level":0},"_links":{"self":[{"href":"https:\/\/instant-sport.com\/index.php\/wp-json\/wp\/v2\/pages\/4669"}],"collection":[{"href":"https:\/\/instant-sport.com\/index.php\/wp-json\/wp\/v2\/pages"}],"about":[{"href":"https:\/\/instant-sport.com\/index.php\/wp-json\/wp\/v2\/types\/page"}],"author":[{"embeddable":true,"href":"https:\/\/instant-sport.com\/index.php\/wp-json\/wp\/v2\/users\/1"}],"replies":[{"embeddable":true,"href":"https:\/\/instant-sport.com\/index.php\/wp-json\/wp\/v2\/comments?post=4669"}],"version-history":[{"count":10,"href":"https:\/\/instant-sport.com\/index.php\/wp-json\/wp\/v2\/pages\/4669\/revisions"}],"predecessor-version":[{"id":10625,"href":"https:\/\/instant-sport.com\/index.php\/wp-json\/wp\/v2\/pages\/4669\/revisions\/10625"}],"wp:attachment":[{"href":"https:\/\/instant-sport.com\/index.php\/wp-json\/wp\/v2\/media?parent=4669"}],"curies":[{"name":"wp","href":"https:\/\/api.w.org\/{rel}","templated":true}]}}